{"id":542,"date":"2025-01-30T06:11:27","date_gmt":"2025-01-30T06:11:27","guid":{"rendered":"https:\/\/sendreniverde.ro\/?page_id=542"},"modified":"2025-03-25T19:20:52","modified_gmt":"2025-03-25T19:20:52","slug":"tema-3-video","status":"publish","type":"page","link":"https:\/\/sendreniverde.ro\/index.php\/tema-3-video\/","title":{"rendered":"Tema 3 &#8211; Video"},"content":{"rendered":"\n<p class=\"has-text-align-center\"><strong><em>Videoclipurile au fost realizate profesional de c\u0103tre societatea LORDALEXA SRL.<\/em><\/strong><\/p>\n\n\n\n<p><strong><em>Galerie video:<\/em><\/strong><\/p>\n\n\n\n<p>Varianta 1 &#8211; Taierea ilegala a padurilor<\/p>\n\n\n\n<figure class=\"wp-block-embed is-type-video is-provider-youtube wp-block-embed-youtube wp-embed-aspect-16-9 wp-has-aspect-ratio\"><div class=\"wp-block-embed__wrapper\">\n<iframe title=\"2.11.2024-Taierea Ilegal\u0103 a p\u0103durilor - tab\u0103r\u0103 de plantat cu peste 100 de copii la Hanu Conachi\" width=\"800\" height=\"450\" src=\"https:\/\/www.youtube.com\/embed\/JuNwlWYgtI8?feature=oembed\" frameborder=\"0\" allow=\"accelerometer; autoplay; clipboard-write; encrypted-media; gyroscope; picture-in-picture; web-share\" referrerpolicy=\"strict-origin-when-cross-origin\" allowfullscreen><\/iframe>\n<\/div><\/figure>\n","protected":false},"excerpt":{"rendered":"<p>Videoclipurile au fost realizate profesional de c\u0103tre societatea LORDALEXA SRL. Galerie video: Varianta 1 &#8211; Taierea ilegala a padurilor<\/p>\n","protected":false},"author":1,"featured_media":0,"parent":0,"menu_order":0,"comment_status":"closed","ping_status":"closed","template":"","meta":{"footnotes":""},"class_list":["post-542","page","type-page","status-publish","hentry"],"_links":{"self":[{"href":"https:\/\/sendreniverde.ro\/index.php\/wp-json\/wp\/v2\/pages\/542","targetHints":{"allow":["GET"]}}],"collection":[{"href":"https:\/\/sendreniverde.ro\/index.php\/wp-json\/wp\/v2\/pages"}],"about":[{"href":"https:\/\/sendreniverde.ro\/index.php\/wp-json\/wp\/v2\/types\/page"}],"author":[{"embeddable":true,"href":"https:\/\/sendreniverde.ro\/index.php\/wp-json\/wp\/v2\/users\/1"}],"replies":[{"embeddable":true,"href":"https:\/\/sendreniverde.ro\/index.php\/wp-json\/wp\/v2\/comments?post=542"}],"version-history":[{"count":3,"href":"https:\/\/sendreniverde.ro\/index.php\/wp-json\/wp\/v2\/pages\/542\/revisions"}],"predecessor-version":[{"id":583,"href":"https:\/\/sendreniverde.ro\/index.php\/wp-json\/wp\/v2\/pages\/542\/revisions\/583"}],"wp:attachment":[{"href":"https:\/\/sendreniverde.ro\/index.php\/wp-json\/wp\/v2\/media?parent=542"}],"curies":[{"name":"wp","href":"https:\/\/api.w.org\/{rel}","templated":true}]}}