{"id":544,"date":"2025-01-30T06:12:08","date_gmt":"2025-01-30T06:12:08","guid":{"rendered":"https:\/\/sendreniverde.ro\/?page_id=544"},"modified":"2025-03-25T19:21:30","modified_gmt":"2025-03-25T19:21:30","slug":"tema-7-video","status":"publish","type":"page","link":"https:\/\/sendreniverde.ro\/index.php\/tema-7-video\/","title":{"rendered":"Tema 7 &#8211; Video"},"content":{"rendered":"\n<p class=\"has-text-align-center\"><strong><em>Videoclipurile au fost realizate profesional de c\u0103tre societatea LORDALEXA SRL.<\/em><\/strong><\/p>\n\n\n\n<p><strong><em>Galerie video:<\/em><\/strong><\/p>\n\n\n\n<p>Varianta 1 &#8211; Protectia ariilor naturale protejate<\/p>\n\n\n\n<figure class=\"wp-block-embed is-type-video is-provider-youtube wp-block-embed-youtube wp-embed-aspect-16-9 wp-has-aspect-ratio\"><div class=\"wp-block-embed__wrapper\">\n<iframe title=\"19.10.2024-Protec\u021bia Ariilor Naturale Protejate - tab\u0103r\u0103 cu copii din Sm\u00e2rdan \u0219i Slobozia Conachi\" width=\"800\" height=\"450\" src=\"https:\/\/www.youtube.com\/embed\/BwkLZFEkQAA?feature=oembed\" frameborder=\"0\" allow=\"accelerometer; autoplay; clipboard-write; encrypted-media; gyroscope; picture-in-picture; web-share\" referrerpolicy=\"strict-origin-when-cross-origin\" allowfullscreen><\/iframe>\n<\/div><\/figure>\n","protected":false},"excerpt":{"rendered":"<p>Videoclipurile au fost realizate profesional de c\u0103tre societatea LORDALEXA SRL. Galerie video: Varianta 1 &#8211; Protectia ariilor naturale protejate<\/p>\n","protected":false},"author":1,"featured_media":0,"parent":0,"menu_order":0,"comment_status":"closed","ping_status":"closed","template":"","meta":{"footnotes":""},"class_list":["post-544","page","type-page","status-publish","hentry"],"_links":{"self":[{"href":"https:\/\/sendreniverde.ro\/index.php\/wp-json\/wp\/v2\/pages\/544","targetHints":{"allow":["GET"]}}],"collection":[{"href":"https:\/\/sendreniverde.ro\/index.php\/wp-json\/wp\/v2\/pages"}],"about":[{"href":"https:\/\/sendreniverde.ro\/index.php\/wp-json\/wp\/v2\/types\/page"}],"author":[{"embeddable":true,"href":"https:\/\/sendreniverde.ro\/index.php\/wp-json\/wp\/v2\/users\/1"}],"replies":[{"embeddable":true,"href":"https:\/\/sendreniverde.ro\/index.php\/wp-json\/wp\/v2\/comments?post=544"}],"version-history":[{"count":5,"href":"https:\/\/sendreniverde.ro\/index.php\/wp-json\/wp\/v2\/pages\/544\/revisions"}],"predecessor-version":[{"id":585,"href":"https:\/\/sendreniverde.ro\/index.php\/wp-json\/wp\/v2\/pages\/544\/revisions\/585"}],"wp:attachment":[{"href":"https:\/\/sendreniverde.ro\/index.php\/wp-json\/wp\/v2\/media?parent=544"}],"curies":[{"name":"wp","href":"https:\/\/api.w.org\/{rel}","templated":true}]}}