{"id":685,"date":"2025-07-22T06:31:04","date_gmt":"2025-07-22T06:31:04","guid":{"rendered":"https:\/\/sendreniverde.ro\/?page_id=685"},"modified":"2025-07-22T06:31:05","modified_gmt":"2025-07-22T06:31:05","slug":"tema-9-protectia-biodiversitatii","status":"publish","type":"page","link":"https:\/\/sendreniverde.ro\/index.php\/tema-9-protectia-biodiversitatii\/","title":{"rendered":"Tema 9 &#8211; Protectia biodiversitatii"},"content":{"rendered":"\n<p>Copiii din \u0218endreni \u0219i Brani\u0219tea planteaz\u0103 pentru un viitor mai verde!<\/p>\n\n\n\n<p>Magia naturii a prins via\u021b\u0103 \u00een m\u00e2inile copiilor din \u0218endreni \u0219i Brani\u0219tea, care au participat cu bucurie la un nou workshop de educa\u021bie ecologic\u0103, organizat de echipa noastr\u0103 de la GAL Lunca Joas\u0103 a Siretului<\/p>\n\n\n\n<p>Am povestit \u00eempreun\u0103 despre biodiversitate \u0219i despre c\u00e2t de important este s\u0103 protej\u0103m albinele \u0219i celelalte insecte polenizatoare \u2013 adev\u0103ra\u021bii eroi ai ecosistemelor noastre!<\/p>\n\n\n\n<p>\u00cenarma\u021bi cu sape mici, stropitori \u0219i mult entuziasm, copiii au plantat flori \u00een curtea \u0219colii\u2013 locuri care acum devin adev\u0103rate refugii pentru polenizatori!<\/p>\n\n\n\n<p>Prin aceast\u0103 activitate, copiii au \u00eenv\u0103\u021bat c\u0103 fiecare plant\u0103 conteaz\u0103 \u0219i c\u0103 biodiversitatea este cheia unei naturi s\u0103n\u0103toase \u0219i echilibrate.<\/p>\n\n\n\n<p>Mul\u021bumim tuturor micilor gr\u0103dinari pentru energia, implicarea \u0219i dragostea lor fa\u021b\u0103 de natur\u0103! Ei sunt dovada c\u0103 schimbarea \u00eencepe de la cei mici, dar cu un impact mare!<\/p>\n\n\n\n<p><a href=\"https:\/\/www.facebook.com\/hashtag\/gal_luncajoas%C4%83asiretului?__eep__=6&amp;__cft__%5b0%5d=AZXfl3IOGz-ooO5c6STMLYeXiHPffjyDZMzeU9UC2cWpCgklYSdMOHlkx4oWJd5HUqpAlj-OjFjy-f5PZtx2ypmlvmu5MbkOYv_EJGT-LqmRGHh18a9Vqrzzb6TH-FrPiAowoUY_1puurWdLzYeYg3xahXiOSrpFTvse9363lMIMjvGbJIhasW5f20vfYvmuHc9DpNw1rbUwYlFugwZZN9x3&amp;__tn__=*NK-R\"><strong>#GAL_LuncaJoas\u0103ASiretului<\/strong><\/a> <a href=\"https:\/\/www.facebook.com\/hashtag\/biodiversitatecucopiii?__eep__=6&amp;__cft__%5b0%5d=AZXfl3IOGz-ooO5c6STMLYeXiHPffjyDZMzeU9UC2cWpCgklYSdMOHlkx4oWJd5HUqpAlj-OjFjy-f5PZtx2ypmlvmu5MbkOYv_EJGT-LqmRGHh18a9Vqrzzb6TH-FrPiAowoUY_1puurWdLzYeYg3xahXiOSrpFTvse9363lMIMjvGbJIhasW5f20vfYvmuHc9DpNw1rbUwYlFugwZZN9x3&amp;__tn__=*NK-R\"><strong>#BiodiversitateCuCopiii<\/strong><\/a> <a href=\"https:\/\/www.facebook.com\/hashtag\/plant%C4%83msperan%C8%9B%C4%83?__eep__=6&amp;__cft__%5b0%5d=AZXfl3IOGz-ooO5c6STMLYeXiHPffjyDZMzeU9UC2cWpCgklYSdMOHlkx4oWJd5HUqpAlj-OjFjy-f5PZtx2ypmlvmu5MbkOYv_EJGT-LqmRGHh18a9Vqrzzb6TH-FrPiAowoUY_1puurWdLzYeYg3xahXiOSrpFTvse9363lMIMjvGbJIhasW5f20vfYvmuHc9DpNw1rbUwYlFugwZZN9x3&amp;__tn__=*NK-R\"><strong>#Plant\u0103mSperan\u021b\u0103<\/strong><\/a> <a href=\"https:\/\/www.facebook.com\/hashtag\/independen%C8%9Baverde?__eep__=6&amp;__cft__%5b0%5d=AZXfl3IOGz-ooO5c6STMLYeXiHPffjyDZMzeU9UC2cWpCgklYSdMOHlkx4oWJd5HUqpAlj-OjFjy-f5PZtx2ypmlvmu5MbkOYv_EJGT-LqmRGHh18a9Vqrzzb6TH-FrPiAowoUY_1puurWdLzYeYg3xahXiOSrpFTvse9363lMIMjvGbJIhasW5f20vfYvmuHc9DpNw1rbUwYlFugwZZN9x3&amp;__tn__=*NK-R\"><strong>#Independen\u021baVerde<\/strong><\/a> <a href=\"https:\/\/www.facebook.com\/hashtag\/brani%C8%99teaverde?__eep__=6&amp;__cft__%5b0%5d=AZXfl3IOGz-ooO5c6STMLYeXiHPffjyDZMzeU9UC2cWpCgklYSdMOHlkx4oWJd5HUqpAlj-OjFjy-f5PZtx2ypmlvmu5MbkOYv_EJGT-LqmRGHh18a9Vqrzzb6TH-FrPiAowoUY_1puurWdLzYeYg3xahXiOSrpFTvse9363lMIMjvGbJIhasW5f20vfYvmuHc9DpNw1rbUwYlFugwZZN9x3&amp;__tn__=*NK-R\"><strong>#Brani\u0219teaVerde<\/strong><\/a> <a href=\"https:\/\/www.facebook.com\/hashtag\/prieteniipolenizatorilor?__eep__=6&amp;__cft__%5b0%5d=AZXfl3IOGz-ooO5c6STMLYeXiHPffjyDZMzeU9UC2cWpCgklYSdMOHlkx4oWJd5HUqpAlj-OjFjy-f5PZtx2ypmlvmu5MbkOYv_EJGT-LqmRGHh18a9Vqrzzb6TH-FrPiAowoUY_1puurWdLzYeYg3xahXiOSrpFTvse9363lMIMjvGbJIhasW5f20vfYvmuHc9DpNw1rbUwYlFugwZZN9x3&amp;__tn__=*NK-R\"><strong>#PrieteniiPolenizatorilor<\/strong><\/a> <a href=\"https:\/\/www.facebook.com\/hashtag\/copiiiiubescnatura?__eep__=6&amp;__cft__%5b0%5d=AZXfl3IOGz-ooO5c6STMLYeXiHPffjyDZMzeU9UC2cWpCgklYSdMOHlkx4oWJd5HUqpAlj-OjFjy-f5PZtx2ypmlvmu5MbkOYv_EJGT-LqmRGHh18a9Vqrzzb6TH-FrPiAowoUY_1puurWdLzYeYg3xahXiOSrpFTvse9363lMIMjvGbJIhasW5f20vfYvmuHc9DpNw1rbUwYlFugwZZN9x3&amp;__tn__=*NK-R\"><strong>#CopiiiIubescNatura<\/strong><\/a><\/p>\n\n\n\n<figure class=\"wp-block-gallery has-nested-images columns-default is-cropped wp-block-gallery-1 is-layout-flex wp-block-gallery-is-layout-flex\">\n<figure class=\"wp-block-image size-large\"><img fetchpriority=\"high\" decoding=\"async\" width=\"624\" height=\"832\" data-id=\"689\" src=\"https:\/\/sendreniverde.ro\/wp-content\/uploads\/2025\/07\/9.jpg\" alt=\"\" class=\"wp-image-689\" srcset=\"https:\/\/sendreniverde.ro\/wp-content\/uploads\/2025\/07\/9.jpg 624w, https:\/\/sendreniverde.ro\/wp-content\/uploads\/2025\/07\/9-225x300.jpg 225w\" sizes=\"(max-width: 624px) 100vw, 624px\" \/><\/figure>\n\n\n\n<figure class=\"wp-block-image size-large\"><img decoding=\"async\" width=\"624\" height=\"832\" data-id=\"688\" src=\"https:\/\/sendreniverde.ro\/wp-content\/uploads\/2025\/07\/2.jpg\" alt=\"\" class=\"wp-image-688\" srcset=\"https:\/\/sendreniverde.ro\/wp-content\/uploads\/2025\/07\/2.jpg 624w, https:\/\/sendreniverde.ro\/wp-content\/uploads\/2025\/07\/2-225x300.jpg 225w\" sizes=\"(max-width: 624px) 100vw, 624px\" \/><\/figure>\n\n\n\n<figure class=\"wp-block-image size-large\"><img decoding=\"async\" width=\"624\" height=\"832\" data-id=\"692\" src=\"https:\/\/sendreniverde.ro\/wp-content\/uploads\/2025\/07\/1.jpg\" alt=\"\" class=\"wp-image-692\" srcset=\"https:\/\/sendreniverde.ro\/wp-content\/uploads\/2025\/07\/1.jpg 624w, https:\/\/sendreniverde.ro\/wp-content\/uploads\/2025\/07\/1-225x300.jpg 225w\" sizes=\"(max-width: 624px) 100vw, 624px\" \/><\/figure>\n\n\n\n<figure class=\"wp-block-image size-large\"><img loading=\"lazy\" decoding=\"async\" width=\"624\" height=\"468\" data-id=\"686\" src=\"https:\/\/sendreniverde.ro\/wp-content\/uploads\/2025\/07\/3.jpg\" alt=\"\" class=\"wp-image-686\" srcset=\"https:\/\/sendreniverde.ro\/wp-content\/uploads\/2025\/07\/3.jpg 624w, https:\/\/sendreniverde.ro\/wp-content\/uploads\/2025\/07\/3-300x225.jpg 300w\" sizes=\"(max-width: 624px) 100vw, 624px\" \/><\/figure>\n\n\n\n<figure class=\"wp-block-image size-large\"><img loading=\"lazy\" decoding=\"async\" width=\"624\" height=\"832\" data-id=\"687\" src=\"https:\/\/sendreniverde.ro\/wp-content\/uploads\/2025\/07\/4.jpg\" alt=\"\" class=\"wp-image-687\" srcset=\"https:\/\/sendreniverde.ro\/wp-content\/uploads\/2025\/07\/4.jpg 624w, https:\/\/sendreniverde.ro\/wp-content\/uploads\/2025\/07\/4-225x300.jpg 225w\" sizes=\"(max-width: 624px) 100vw, 624px\" \/><\/figure>\n\n\n\n<figure class=\"wp-block-image size-large\"><img loading=\"lazy\" decoding=\"async\" width=\"624\" height=\"468\" data-id=\"693\" src=\"https:\/\/sendreniverde.ro\/wp-content\/uploads\/2025\/07\/5.jpg\" alt=\"\" class=\"wp-image-693\" srcset=\"https:\/\/sendreniverde.ro\/wp-content\/uploads\/2025\/07\/5.jpg 624w, https:\/\/sendreniverde.ro\/wp-content\/uploads\/2025\/07\/5-300x225.jpg 300w\" sizes=\"(max-width: 624px) 100vw, 624px\" \/><\/figure>\n\n\n\n<figure class=\"wp-block-image size-large\"><img loading=\"lazy\" decoding=\"async\" width=\"624\" height=\"832\" data-id=\"690\" src=\"https:\/\/sendreniverde.ro\/wp-content\/uploads\/2025\/07\/6.jpg\" alt=\"\" class=\"wp-image-690\" srcset=\"https:\/\/sendreniverde.ro\/wp-content\/uploads\/2025\/07\/6.jpg 624w, https:\/\/sendreniverde.ro\/wp-content\/uploads\/2025\/07\/6-225x300.jpg 225w\" sizes=\"(max-width: 624px) 100vw, 624px\" \/><\/figure>\n\n\n\n<figure class=\"wp-block-image size-large\"><img loading=\"lazy\" decoding=\"async\" width=\"624\" height=\"832\" data-id=\"694\" src=\"https:\/\/sendreniverde.ro\/wp-content\/uploads\/2025\/07\/7.jpg\" alt=\"\" class=\"wp-image-694\" srcset=\"https:\/\/sendreniverde.ro\/wp-content\/uploads\/2025\/07\/7.jpg 624w, https:\/\/sendreniverde.ro\/wp-content\/uploads\/2025\/07\/7-225x300.jpg 225w\" sizes=\"(max-width: 624px) 100vw, 624px\" \/><\/figure>\n\n\n\n<figure class=\"wp-block-image size-large\"><img loading=\"lazy\" decoding=\"async\" width=\"624\" height=\"832\" data-id=\"691\" src=\"https:\/\/sendreniverde.ro\/wp-content\/uploads\/2025\/07\/8.jpg\" alt=\"\" class=\"wp-image-691\" srcset=\"https:\/\/sendreniverde.ro\/wp-content\/uploads\/2025\/07\/8.jpg 624w, https:\/\/sendreniverde.ro\/wp-content\/uploads\/2025\/07\/8-225x300.jpg 225w\" sizes=\"(max-width: 624px) 100vw, 624px\" \/><\/figure>\n\n\n\n<figure class=\"wp-block-image size-large\"><img loading=\"lazy\" decoding=\"async\" width=\"1024\" height=\"768\" data-id=\"696\" src=\"https:\/\/sendreniverde.ro\/wp-content\/uploads\/2025\/07\/11-1024x768.jpg\" alt=\"\" class=\"wp-image-696\" srcset=\"https:\/\/sendreniverde.ro\/wp-content\/uploads\/2025\/07\/11-1024x768.jpg 1024w, https:\/\/sendreniverde.ro\/wp-content\/uploads\/2025\/07\/11-300x225.jpg 300w, https:\/\/sendreniverde.ro\/wp-content\/uploads\/2025\/07\/11-768x576.jpg 768w, https:\/\/sendreniverde.ro\/wp-content\/uploads\/2025\/07\/11.jpg 1430w\" sizes=\"(max-width: 1024px) 100vw, 1024px\" \/><\/figure>\n\n\n\n<figure class=\"wp-block-image size-large\"><img loading=\"lazy\" decoding=\"async\" width=\"624\" height=\"832\" data-id=\"695\" src=\"https:\/\/sendreniverde.ro\/wp-content\/uploads\/2025\/07\/10.jpg\" alt=\"\" class=\"wp-image-695\" srcset=\"https:\/\/sendreniverde.ro\/wp-content\/uploads\/2025\/07\/10.jpg 624w, https:\/\/sendreniverde.ro\/wp-content\/uploads\/2025\/07\/10-225x300.jpg 225w\" sizes=\"(max-width: 624px) 100vw, 624px\" \/><\/figure>\n<\/figure>\n","protected":false},"excerpt":{"rendered":"<p>Copiii din \u0218endreni \u0219i Brani\u0219tea planteaz\u0103 pentru un viitor mai verde! Magia naturii a prins via\u021b\u0103 \u00een m\u00e2inile copiilor din \u0218endreni \u0219i Brani\u0219tea, care au participat cu bucurie la un nou workshop de educa\u021bie ecologic\u0103, organizat de echipa noastr\u0103 de la GAL Lunca Joas\u0103 a Siretului Am povestit \u00eempreun\u0103 despre biodiversitate \u0219i despre c\u00e2t de [&hellip;]<\/p>\n","protected":false},"author":2,"featured_media":0,"parent":0,"menu_order":0,"comment_status":"closed","ping_status":"closed","template":"","meta":{"footnotes":""},"class_list":["post-685","page","type-page","status-publish","hentry"],"_links":{"self":[{"href":"https:\/\/sendreniverde.ro\/index.php\/wp-json\/wp\/v2\/pages\/685","targetHints":{"allow":["GET"]}}],"collection":[{"href":"https:\/\/sendreniverde.ro\/index.php\/wp-json\/wp\/v2\/pages"}],"about":[{"href":"https:\/\/sendreniverde.ro\/index.php\/wp-json\/wp\/v2\/types\/page"}],"author":[{"embeddable":true,"href":"https:\/\/sendreniverde.ro\/index.php\/wp-json\/wp\/v2\/users\/2"}],"replies":[{"embeddable":true,"href":"https:\/\/sendreniverde.ro\/index.php\/wp-json\/wp\/v2\/comments?post=685"}],"version-history":[{"count":1,"href":"https:\/\/sendreniverde.ro\/index.php\/wp-json\/wp\/v2\/pages\/685\/revisions"}],"predecessor-version":[{"id":697,"href":"https:\/\/sendreniverde.ro\/index.php\/wp-json\/wp\/v2\/pages\/685\/revisions\/697"}],"wp:attachment":[{"href":"https:\/\/sendreniverde.ro\/index.php\/wp-json\/wp\/v2\/media?parent=685"}],"curies":[{"name":"wp","href":"https:\/\/api.w.org\/{rel}","templated":true}]}}