{"id":718,"date":"2025-10-25T08:06:53","date_gmt":"2025-10-25T08:06:53","guid":{"rendered":"https:\/\/sendreniverde.ro\/?page_id=718"},"modified":"2025-10-25T08:06:54","modified_gmt":"2025-10-25T08:06:54","slug":"tema-9-video","status":"publish","type":"page","link":"https:\/\/sendreniverde.ro\/index.php\/tema-9-video\/","title":{"rendered":"Tema 9 &#8211; Video"},"content":{"rendered":"\n<p class=\"has-text-align-center\"><strong><em>Videoclipurile au fost realizate profesional de c\u0103tre societatea LORDALEXA SRL.<\/em><\/strong><\/p>\n\n\n\n<p><strong><em>Galerie video:<\/em><\/strong><\/p>\n\n\n\n<figure class=\"wp-block-embed is-type-video is-provider-youtube wp-block-embed-youtube wp-embed-aspect-16-9 wp-has-aspect-ratio\"><div class=\"wp-block-embed__wrapper\">\n<iframe title=\"Tema 9 - .Protec\u0163ia biodiversit\u0103\u0163ii.\" width=\"800\" height=\"450\" src=\"https:\/\/www.youtube.com\/embed\/s_FUoB3TJjw?feature=oembed\" frameborder=\"0\" allow=\"accelerometer; autoplay; clipboard-write; encrypted-media; gyroscope; picture-in-picture; web-share\" referrerpolicy=\"strict-origin-when-cross-origin\" allowfullscreen><\/iframe>\n<\/div><\/figure>\n","protected":false},"excerpt":{"rendered":"<p>Videoclipurile au fost realizate profesional de c\u0103tre societatea LORDALEXA SRL. Galerie video:<\/p>\n","protected":false},"author":2,"featured_media":0,"parent":0,"menu_order":0,"comment_status":"closed","ping_status":"closed","template":"","meta":{"footnotes":""},"class_list":["post-718","page","type-page","status-publish","hentry"],"_links":{"self":[{"href":"https:\/\/sendreniverde.ro\/index.php\/wp-json\/wp\/v2\/pages\/718","targetHints":{"allow":["GET"]}}],"collection":[{"href":"https:\/\/sendreniverde.ro\/index.php\/wp-json\/wp\/v2\/pages"}],"about":[{"href":"https:\/\/sendreniverde.ro\/index.php\/wp-json\/wp\/v2\/types\/page"}],"author":[{"embeddable":true,"href":"https:\/\/sendreniverde.ro\/index.php\/wp-json\/wp\/v2\/users\/2"}],"replies":[{"embeddable":true,"href":"https:\/\/sendreniverde.ro\/index.php\/wp-json\/wp\/v2\/comments?post=718"}],"version-history":[{"count":1,"href":"https:\/\/sendreniverde.ro\/index.php\/wp-json\/wp\/v2\/pages\/718\/revisions"}],"predecessor-version":[{"id":719,"href":"https:\/\/sendreniverde.ro\/index.php\/wp-json\/wp\/v2\/pages\/718\/revisions\/719"}],"wp:attachment":[{"href":"https:\/\/sendreniverde.ro\/index.php\/wp-json\/wp\/v2\/media?parent=718"}],"curies":[{"name":"wp","href":"https:\/\/api.w.org\/{rel}","templated":true}]}}