{"id":735,"date":"2025-10-25T08:47:21","date_gmt":"2025-10-25T08:47:21","guid":{"rendered":"https:\/\/sendreniverde.ro\/?page_id=735"},"modified":"2025-10-25T08:47:22","modified_gmt":"2025-10-25T08:47:22","slug":"tema-4-poluarea-cauzata-de-deseuri","status":"publish","type":"page","link":"https:\/\/sendreniverde.ro\/index.php\/tema-4-poluarea-cauzata-de-deseuri\/","title":{"rendered":"Tema 4 &#8211; Poluarea cauzat\u0103 de de\u0219euri"},"content":{"rendered":"\n<p>\u00cen cadrul temei \u201ePoluarea cauzat\u0103 de de\u0219euri\u201d, am organizat o activitate creativ\u0103 care i-a adus \u00eempreun\u0103 pe tinerii din comunitate pentru a descoperi cum pot transforma obiectele vechi \u00een lucruri noi \u0219i pline de via\u021b\u0103. <\/p>\n\n\n\n<p>Pornind de la ideea c\u0103 hainele aruncate ajung, de multe ori, s\u0103 polueze mediul, participan\u021bii au fost provoca\u021bi s\u0103 \u00ee\u0219i foloseasc\u0103 imagina\u021bia \u0219i \u00eendem\u00e2narea pentru a confec\u021biona haine noi din haine vechi. Cu pu\u021bin\u0103 inspira\u021bie \u0219i mult\u0103 voie bun\u0103, au ap\u0103rut adev\u0103rate crea\u021bii originale: blugi transforma\u021bi \u00een gen\u021bi, tricouri redecorate, pulovere reinventate \u0219i accesorii f\u0103cute din materiale reciclate.<\/p>\n\n\n\n<p> Atelierul a fost nu doar o lec\u021bie despre sustenabilitate \u0219i protejarea mediului, ci \u0219i un moment de bucurie \u0219i colaborare \u00eentre participan\u021bi. La final, am organizat o mic\u0103 prezentare de mod\u0103 eco, \u00een care fiecare a putut ar\u0103ta cu m\u00e2ndrie rezultatul muncii sale. <\/p>\n\n\n\n<p>Prin aceast\u0103 activitate, tinerii au \u00eenv\u0103\u021bat c\u0103 reciclarea poate fi o form\u0103 de art\u0103, iar schimbarea \u00eencepe cu gesturi mici \u2013 precum alegerea de a refolosi \u00een loc s\u0103 arunc\u0103m. \ud83c\udf31 Fiecare hain\u0103 salvat\u0103 \u00eenseamn\u0103 mai pu\u021bine de\u0219euri \u0219i un pas spre un viitor mai curat.<\/p>\n\n\n\n<figure class=\"wp-block-gallery has-nested-images columns-default is-cropped wp-block-gallery-1 is-layout-flex wp-block-gallery-is-layout-flex\">\n<figure class=\"wp-block-image size-large\"><img fetchpriority=\"high\" decoding=\"async\" width=\"1024\" height=\"683\" data-id=\"737\" src=\"https:\/\/sendreniverde.ro\/wp-content\/uploads\/2025\/10\/Picture1-1024x683.jpg\" alt=\"\" class=\"wp-image-737\" srcset=\"https:\/\/sendreniverde.ro\/wp-content\/uploads\/2025\/10\/Picture1-1024x683.jpg 1024w, https:\/\/sendreniverde.ro\/wp-content\/uploads\/2025\/10\/Picture1-300x200.jpg 300w, https:\/\/sendreniverde.ro\/wp-content\/uploads\/2025\/10\/Picture1-768x512.jpg 768w, https:\/\/sendreniverde.ro\/wp-content\/uploads\/2025\/10\/Picture1.jpg 1430w\" sizes=\"(max-width: 1024px) 100vw, 1024px\" \/><\/figure>\n\n\n\n<figure class=\"wp-block-image size-large\"><img decoding=\"async\" width=\"1024\" height=\"682\" data-id=\"736\" src=\"https:\/\/sendreniverde.ro\/wp-content\/uploads\/2025\/10\/Picture2-1-1024x682.jpg\" alt=\"\" class=\"wp-image-736\" srcset=\"https:\/\/sendreniverde.ro\/wp-content\/uploads\/2025\/10\/Picture2-1-1024x682.jpg 1024w, https:\/\/sendreniverde.ro\/wp-content\/uploads\/2025\/10\/Picture2-1-300x200.jpg 300w, https:\/\/sendreniverde.ro\/wp-content\/uploads\/2025\/10\/Picture2-1-768x512.jpg 768w, https:\/\/sendreniverde.ro\/wp-content\/uploads\/2025\/10\/Picture2-1.jpg 1430w\" sizes=\"(max-width: 1024px) 100vw, 1024px\" \/><\/figure>\n\n\n\n<figure class=\"wp-block-image size-large\"><img decoding=\"async\" width=\"1024\" height=\"683\" data-id=\"739\" src=\"https:\/\/sendreniverde.ro\/wp-content\/uploads\/2025\/10\/Picture3-1-1024x683.jpg\" alt=\"\" class=\"wp-image-739\" srcset=\"https:\/\/sendreniverde.ro\/wp-content\/uploads\/2025\/10\/Picture3-1-1024x683.jpg 1024w, https:\/\/sendreniverde.ro\/wp-content\/uploads\/2025\/10\/Picture3-1-300x200.jpg 300w, https:\/\/sendreniverde.ro\/wp-content\/uploads\/2025\/10\/Picture3-1-768x512.jpg 768w, https:\/\/sendreniverde.ro\/wp-content\/uploads\/2025\/10\/Picture3-1.jpg 1430w\" sizes=\"(max-width: 1024px) 100vw, 1024px\" \/><\/figure>\n\n\n\n<figure class=\"wp-block-image size-large\"><img loading=\"lazy\" decoding=\"async\" width=\"1024\" height=\"682\" data-id=\"742\" src=\"https:\/\/sendreniverde.ro\/wp-content\/uploads\/2025\/10\/Picture4-1-1024x682.jpg\" alt=\"\" class=\"wp-image-742\" srcset=\"https:\/\/sendreniverde.ro\/wp-content\/uploads\/2025\/10\/Picture4-1-1024x682.jpg 1024w, https:\/\/sendreniverde.ro\/wp-content\/uploads\/2025\/10\/Picture4-1-300x200.jpg 300w, https:\/\/sendreniverde.ro\/wp-content\/uploads\/2025\/10\/Picture4-1-768x512.jpg 768w, https:\/\/sendreniverde.ro\/wp-content\/uploads\/2025\/10\/Picture4-1.jpg 1430w\" sizes=\"(max-width: 1024px) 100vw, 1024px\" \/><\/figure>\n\n\n\n<figure class=\"wp-block-image size-large\"><img loading=\"lazy\" decoding=\"async\" width=\"1024\" height=\"682\" data-id=\"738\" src=\"https:\/\/sendreniverde.ro\/wp-content\/uploads\/2025\/10\/Picture5-1-1024x682.jpg\" alt=\"\" class=\"wp-image-738\" srcset=\"https:\/\/sendreniverde.ro\/wp-content\/uploads\/2025\/10\/Picture5-1-1024x682.jpg 1024w, https:\/\/sendreniverde.ro\/wp-content\/uploads\/2025\/10\/Picture5-1-300x200.jpg 300w, https:\/\/sendreniverde.ro\/wp-content\/uploads\/2025\/10\/Picture5-1-768x512.jpg 768w, https:\/\/sendreniverde.ro\/wp-content\/uploads\/2025\/10\/Picture5-1.jpg 1430w\" sizes=\"(max-width: 1024px) 100vw, 1024px\" \/><\/figure>\n\n\n\n<figure class=\"wp-block-image size-large\"><img loading=\"lazy\" decoding=\"async\" width=\"1024\" height=\"682\" data-id=\"743\" src=\"https:\/\/sendreniverde.ro\/wp-content\/uploads\/2025\/10\/Picture6-1-1024x682.jpg\" alt=\"\" class=\"wp-image-743\" srcset=\"https:\/\/sendreniverde.ro\/wp-content\/uploads\/2025\/10\/Picture6-1-1024x682.jpg 1024w, https:\/\/sendreniverde.ro\/wp-content\/uploads\/2025\/10\/Picture6-1-300x200.jpg 300w, https:\/\/sendreniverde.ro\/wp-content\/uploads\/2025\/10\/Picture6-1-768x512.jpg 768w, https:\/\/sendreniverde.ro\/wp-content\/uploads\/2025\/10\/Picture6-1.jpg 1430w\" sizes=\"(max-width: 1024px) 100vw, 1024px\" \/><\/figure>\n\n\n\n<figure class=\"wp-block-image size-large\"><img loading=\"lazy\" decoding=\"async\" width=\"683\" height=\"1024\" data-id=\"740\" src=\"https:\/\/sendreniverde.ro\/wp-content\/uploads\/2025\/10\/Picture7-1-683x1024.jpg\" alt=\"\" class=\"wp-image-740\" srcset=\"https:\/\/sendreniverde.ro\/wp-content\/uploads\/2025\/10\/Picture7-1-683x1024.jpg 683w, https:\/\/sendreniverde.ro\/wp-content\/uploads\/2025\/10\/Picture7-1-200x300.jpg 200w, https:\/\/sendreniverde.ro\/wp-content\/uploads\/2025\/10\/Picture7-1-768x1152.jpg 768w, https:\/\/sendreniverde.ro\/wp-content\/uploads\/2025\/10\/Picture7-1-1024x1536.jpg 1024w, https:\/\/sendreniverde.ro\/wp-content\/uploads\/2025\/10\/Picture7-1.jpg 1320w\" sizes=\"(max-width: 683px) 100vw, 683px\" \/><\/figure>\n\n\n\n<figure class=\"wp-block-image size-large\"><img loading=\"lazy\" decoding=\"async\" width=\"1024\" height=\"683\" data-id=\"744\" src=\"https:\/\/sendreniverde.ro\/wp-content\/uploads\/2025\/10\/Picture8-1-1024x683.jpg\" alt=\"\" class=\"wp-image-744\" srcset=\"https:\/\/sendreniverde.ro\/wp-content\/uploads\/2025\/10\/Picture8-1-1024x683.jpg 1024w, https:\/\/sendreniverde.ro\/wp-content\/uploads\/2025\/10\/Picture8-1-300x200.jpg 300w, https:\/\/sendreniverde.ro\/wp-content\/uploads\/2025\/10\/Picture8-1-768x512.jpg 768w, https:\/\/sendreniverde.ro\/wp-content\/uploads\/2025\/10\/Picture8-1.jpg 1430w\" sizes=\"(max-width: 1024px) 100vw, 1024px\" \/><\/figure>\n\n\n\n<figure class=\"wp-block-image size-large\"><img loading=\"lazy\" decoding=\"async\" width=\"1024\" height=\"683\" data-id=\"741\" src=\"https:\/\/sendreniverde.ro\/wp-content\/uploads\/2025\/10\/Picture9-1-1024x683.jpg\" alt=\"\" class=\"wp-image-741\" srcset=\"https:\/\/sendreniverde.ro\/wp-content\/uploads\/2025\/10\/Picture9-1-1024x683.jpg 1024w, https:\/\/sendreniverde.ro\/wp-content\/uploads\/2025\/10\/Picture9-1-300x200.jpg 300w, https:\/\/sendreniverde.ro\/wp-content\/uploads\/2025\/10\/Picture9-1-768x512.jpg 768w, https:\/\/sendreniverde.ro\/wp-content\/uploads\/2025\/10\/Picture9-1.jpg 1430w\" sizes=\"(max-width: 1024px) 100vw, 1024px\" \/><\/figure>\n<\/figure>\n","protected":false},"excerpt":{"rendered":"<p>\u00cen cadrul temei \u201ePoluarea cauzat\u0103 de de\u0219euri\u201d, am organizat o activitate creativ\u0103 care i-a adus \u00eempreun\u0103 pe tinerii din comunitate pentru a descoperi cum pot transforma obiectele vechi \u00een lucruri noi \u0219i pline de via\u021b\u0103. Pornind de la ideea c\u0103 hainele aruncate ajung, de multe ori, s\u0103 polueze mediul, participan\u021bii au fost provoca\u021bi s\u0103 \u00ee\u0219i [&hellip;]<\/p>\n","protected":false},"author":2,"featured_media":0,"parent":0,"menu_order":0,"comment_status":"closed","ping_status":"closed","template":"","meta":{"footnotes":""},"class_list":["post-735","page","type-page","status-publish","hentry"],"_links":{"self":[{"href":"https:\/\/sendreniverde.ro\/index.php\/wp-json\/wp\/v2\/pages\/735","targetHints":{"allow":["GET"]}}],"collection":[{"href":"https:\/\/sendreniverde.ro\/index.php\/wp-json\/wp\/v2\/pages"}],"about":[{"href":"https:\/\/sendreniverde.ro\/index.php\/wp-json\/wp\/v2\/types\/page"}],"author":[{"embeddable":true,"href":"https:\/\/sendreniverde.ro\/index.php\/wp-json\/wp\/v2\/users\/2"}],"replies":[{"embeddable":true,"href":"https:\/\/sendreniverde.ro\/index.php\/wp-json\/wp\/v2\/comments?post=735"}],"version-history":[{"count":1,"href":"https:\/\/sendreniverde.ro\/index.php\/wp-json\/wp\/v2\/pages\/735\/revisions"}],"predecessor-version":[{"id":745,"href":"https:\/\/sendreniverde.ro\/index.php\/wp-json\/wp\/v2\/pages\/735\/revisions\/745"}],"wp:attachment":[{"href":"https:\/\/sendreniverde.ro\/index.php\/wp-json\/wp\/v2\/media?parent=735"}],"curies":[{"name":"wp","href":"https:\/\/api.w.org\/{rel}","templated":true}]}}